{"id":21194,"date":"2023-09-28T12:28:59","date_gmt":"2023-09-28T12:28:59","guid":{"rendered":"https:\/\/sierra.keydesign.xyz\/crm\/?page_id=21194"},"modified":"2026-03-30T07:03:12","modified_gmt":"2026-03-30T07:03:12","slug":"wages-terms-and-conditions","status":"publish","type":"page","link":"https:\/\/wagescorp.com\/fr\/wages-terms-and-conditions\/","title":{"rendered":"Termes et conditions"},"content":{"rendered":"<div data-elementor-type=\"wp-page\" data-elementor-id=\"21194\" class=\"elementor elementor-21194\" data-elementor-post-type=\"page\">\n\t\t\t\t<div class=\"elementor-element elementor-element-b62330e e-flex e-con-boxed e-con e-parent\" data-id=\"b62330e\" data-element_type=\"container\" data-e-type=\"container\" data-settings=\"{&quot;background_background&quot;:&quot;classic&quot;}\">\n\t\t\t\t\t<div class=\"e-con-inner\">\n\t\t<div class=\"elementor-element elementor-element-a4ec2f3 e-con-full e-flex e-con e-child\" data-id=\"a4ec2f3\" data-element_type=\"container\" data-e-type=\"container\">\n\t\t\t\t<div class=\"elementor-element elementor-element-740f14c animated-fast elementor-invisible elementor-widget elementor-widget-elementskit-heading\" data-id=\"740f14c\" data-element_type=\"widget\" data-e-type=\"widget\" data-settings=\"{&quot;ekit_we_effect_on&quot;:&quot;css&quot;,&quot;_animation&quot;:&quot;fadeIn&quot;,&quot;_animation_delay&quot;:100}\" data-widget_type=\"elementskit-heading.default\">\n\t\t\t\t\t<div class=\"ekit-wid-con\" ><div class=\"ekit-heading elementskit-section-title-wraper text_left   ekit_heading_tablet-   ekit_heading_mobile-\"><h1 class=\"ekit-heading--title elementskit-section-title\">Termes et conditions<\/h1>\t\t\t\t<div class='ekit-heading__description'>\n\t\t\t\t\t<p><strong>Derni\u00e8re modification\u00a0:<\/strong> 15 novembre 2023<\/p>\n\t\t\t\t<\/div>\n\t\t\t<\/div><\/div>\t\t\t\t<\/div>\n\t\t\t\t<\/div>\n\t\t\t\t\t<\/div>\n\t\t\t\t<\/div>\n\t\t<div class=\"elementor-element elementor-element-1ce56c6 e-flex e-con-boxed e-con e-parent\" data-id=\"1ce56c6\" data-element_type=\"container\" data-e-type=\"container\" data-settings=\"{&quot;animation&quot;:&quot;none&quot;}\">\n\t\t\t\t\t<div class=\"e-con-inner\">\n\t\t<div class=\"elementor-element elementor-element-9b1569b e-con-full elementor-hidden-tablet elementor-hidden-mobile e-flex e-con e-child\" data-id=\"9b1569b\" data-element_type=\"container\" data-e-type=\"container\">\n\t\t<div class=\"elementor-element elementor-element-8cea221 e-con-full ekit-sticky--top e-flex e-con e-child\" data-id=\"8cea221\" data-element_type=\"container\" data-e-type=\"container\" data-settings=\"{&quot;ekit_sticky&quot;:&quot;top&quot;,&quot;ekit_sticky_offset&quot;:{&quot;unit&quot;:&quot;px&quot;,&quot;size&quot;:175,&quot;sizes&quot;:[]},&quot;ekit_sticky_until&quot;:&quot;section5&quot;,&quot;ekit_sticky_offset_tablet&quot;:{&quot;unit&quot;:&quot;px&quot;,&quot;size&quot;:&quot;&quot;,&quot;sizes&quot;:[]},&quot;ekit_sticky_offset_mobile&quot;:{&quot;unit&quot;:&quot;px&quot;,&quot;size&quot;:&quot;&quot;,&quot;sizes&quot;:[]},&quot;ekit_sticky_on_desktop&quot;:&quot;desktop&quot;,&quot;ekit_sticky_effect_offset&quot;:{&quot;unit&quot;:&quot;px&quot;,&quot;size&quot;:0,&quot;sizes&quot;:[]},&quot;ekit_sticky_effect_offset_tablet&quot;:{&quot;unit&quot;:&quot;px&quot;,&quot;size&quot;:&quot;&quot;,&quot;sizes&quot;:[]},&quot;ekit_sticky_effect_offset_mobile&quot;:{&quot;unit&quot;:&quot;px&quot;,&quot;size&quot;:&quot;&quot;,&quot;sizes&quot;:[]}}\">\n\t\t\t\t<div class=\"elementor-element elementor-element-f3b891c sticky-navigation animated-fast elementor-hidden-tablet elementor-hidden-mobile elementor-invisible elementor-widget elementor-widget-elementskit-stylish-list\" data-id=\"f3b891c\" data-element_type=\"widget\" data-e-type=\"widget\" data-settings=\"{&quot;_animation&quot;:&quot;fadeIn&quot;,&quot;ekit_we_effect_on&quot;:&quot;none&quot;}\" data-widget_type=\"elementskit-stylish-list.default\">\n\t\t\t\t<div class=\"elementor-widget-container\">\n\t\t\t\t\t<div class=\"ekit-wid-con\">\t\t<ul class=\"ekit-stylish-list\" >\n\t\t\t\t\t\t\t<li class=\"ekit-stylish-list-content-wrapper elementor-repeater-item-dbd1c0d\" >\n\t\t\t\t\t\t\t\t\t\t\t<a class=\"ekit-wrapper-link\" href=\"#section1\"><\/a>\n\t\t\t\t\t\t\t\t\t\t<div class=\"ekit-stylish-list-content\">\n\t\t\t\t\t\t\t\t\t\t\t\t\t\t\t\t\t\t\t\t\t\t\t\t<div class=\"ekit-stylish-list-content-text\">\n\t\t\t\t\t\t\t<span class=\"ekit-stylish-list-content-title\">Nos services<\/span>\n\t\t\t\t\t\t\t\t\t\t\t\t\t<\/div>\n\t\t\t\t\t\t\t\t\t\t\t<\/div>\n\t\t\t\t\t\n\t\t\t\t<\/li>\n\t\t\t\t\t\t\t\t\t\t\t<li class=\"ekit-stylish-list-content-wrapper elementor-repeater-item-54477fc\" >\n\t\t\t\t\t\t\t\t\t\t\t<a class=\"ekit-wrapper-link\" href=\"#section2\"><\/a>\n\t\t\t\t\t\t\t\t\t\t<div class=\"ekit-stylish-list-content\">\n\t\t\t\t\t\t\t\t\t\t\t\t\t\t\t\t\t\t\t\t\t\t\t\t<div class=\"ekit-stylish-list-content-text\">\n\t\t\t\t\t\t\t<span class=\"ekit-stylish-list-content-title\">droits de propri\u00e9t\u00e9<\/span>\n\t\t\t\t\t\t\t\t\t\t\t\t\t<\/div>\n\t\t\t\t\t\t\t\t\t\t\t<\/div>\n\t\t\t\t\t\n\t\t\t\t<\/li>\n\t\t\t\t\t\t\t\t\t\t\t<li class=\"ekit-stylish-list-content-wrapper elementor-repeater-item-f32fb77\" >\n\t\t\t\t\t\t\t\t\t\t\t<a class=\"ekit-wrapper-link\" href=\"#section3\"><\/a>\n\t\t\t\t\t\t\t\t\t\t<div class=\"ekit-stylish-list-content\">\n\t\t\t\t\t\t\t\t\t\t\t\t\t\t\t\t\t\t\t\t\t\t\t\t<div class=\"ekit-stylish-list-content-text\">\n\t\t\t\t\t\t\t<span class=\"ekit-stylish-list-content-title\">Activit\u00e9s interdites<\/span>\n\t\t\t\t\t\t\t\t\t\t\t\t\t<\/div>\n\t\t\t\t\t\t\t\t\t\t\t<\/div>\n\t\t\t\t\t\n\t\t\t\t<\/li>\n\t\t\t\t\t\t\t\t\t\t\t<li class=\"ekit-stylish-list-content-wrapper elementor-repeater-item-a8fe059\" >\n\t\t\t\t\t\t\t\t\t\t\t<a class=\"ekit-wrapper-link\" href=\"#section4\"><\/a>\n\t\t\t\t\t\t\t\t\t\t<div class=\"ekit-stylish-list-content\">\n\t\t\t\t\t\t\t\t\t\t\t\t\t\t\t\t\t\t\t\t\t\t\t\t<div class=\"ekit-stylish-list-content-text\">\n\t\t\t\t\t\t\t<span class=\"ekit-stylish-list-content-title\">Gestion des services<\/span>\n\t\t\t\t\t\t\t\t\t\t\t\t\t<\/div>\n\t\t\t\t\t\t\t\t\t\t\t<\/div>\n\t\t\t\t\t\n\t\t\t\t<\/li>\n\t\t\t\t\t\t\t\t\t\t\t<li class=\"ekit-stylish-list-content-wrapper elementor-repeater-item-d0b391d\" >\n\t\t\t\t\t\t\t\t\t\t\t<a class=\"ekit-wrapper-link\" href=\"#section5\"><\/a>\n\t\t\t\t\t\t\t\t\t\t<div class=\"ekit-stylish-list-content\">\n\t\t\t\t\t\t\t\t\t\t\t\t\t\t\t\t\t\t\t\t\t\t\t\t<div class=\"ekit-stylish-list-content-text\">\n\t\t\t\t\t\t\t<span class=\"ekit-stylish-list-content-title\">Coordonn\u00e9es<\/span>\n\t\t\t\t\t\t\t\t\t\t\t\t\t<\/div>\n\t\t\t\t\t\t\t\t\t\t\t<\/div>\n\t\t\t\t\t\n\t\t\t\t<\/li>\n\t\t\t\t\t\t\t\t\t<\/ul>\n\t<\/div>\t\t\t\t<\/div>\n\t\t\t\t<\/div>\n\t\t\t\t<\/div>\n\t\t\t\t<\/div>\n\t\t<div class=\"elementor-element elementor-element-f046f91 e-con-full e-flex e-con e-child\" data-id=\"f046f91\" data-element_type=\"container\" data-e-type=\"container\">\n\t\t<div class=\"elementor-element elementor-element-dd04d7b e-con-full sticky-section e-flex e-con e-child\" data-id=\"dd04d7b\" data-element_type=\"container\" data-e-type=\"container\" id=\"section1\">\n\t\t<div class=\"elementor-element elementor-element-02ec645 e-con-full e-flex e-con e-child\" data-id=\"02ec645\" data-element_type=\"container\" data-e-type=\"container\">\n\t\t\t\t<div class=\"elementor-element elementor-element-3fec37c animated-fast elementor-invisible elementor-widget elementor-widget-elementskit-heading\" data-id=\"3fec37c\" data-element_type=\"widget\" data-e-type=\"widget\" data-settings=\"{&quot;_animation&quot;:&quot;fadeIn&quot;,&quot;_animation_delay&quot;:100,&quot;ekit_we_effect_on&quot;:&quot;none&quot;}\" data-widget_type=\"elementskit-heading.default\">\n\t\t\t\t\t<div class=\"ekit-wid-con\" ><div class=\"ekit-heading elementskit-section-title-wraper text_left   ekit_heading_tablet-   ekit_heading_mobile-\"><h3 class=\"ekit-heading--title elementskit-section-title\">Nos services<\/h3><\/div><\/div>\t\t\t\t<\/div>\n\t\t\t\t<\/div>\n\t\t<div class=\"elementor-element elementor-element-060d787 e-con-full e-flex e-con e-child\" data-id=\"060d787\" data-element_type=\"container\" data-e-type=\"container\">\n\t\t\t\t<div class=\"elementor-element elementor-element-a247b33 animated-fast elementor-invisible elementor-widget elementor-widget-text-editor\" data-id=\"a247b33\" data-element_type=\"widget\" data-e-type=\"widget\" data-settings=\"{&quot;_animation&quot;:&quot;fadeIn&quot;,&quot;_animation_delay&quot;:100,&quot;ekit_we_effect_on&quot;:&quot;none&quot;}\" data-widget_type=\"text-editor.default\">\n\t\t\t\t\t\t\t\t\t<p><strong>Acceptation des conditions :<\/strong> Les pr\u00e9sentes Conditions g\u00e9n\u00e9rales (\u201c\u00a0Conditions\u00a0\u201d) r\u00e9gissent votre utilisation des th\u00e8mes WordPress et des services associ\u00e9s (\u201c\u00a0Services\u00a0\u201d) fournis par la \u201c\u00a0Soci\u00e9t\u00e9\u00a0\u201d. En acc\u00e9dant \u00e0 nos Services ou en les utilisant, vous acceptez de vous conformer aux pr\u00e9sentes Conditions et d\u2019\u00eatre li\u00e9 par celles-ci.<\/p><p><strong>Licence:<\/strong> La soci\u00e9t\u00e9 vous accorde une licence non exclusive, non transf\u00e9rable et r\u00e9vocable pour utiliser les th\u00e8mes pour vos sites web personnels ou commerciaux, sous r\u00e9serve des limitations sp\u00e9cifi\u00e9es dans les pr\u00e9sentes conditions.<\/p><p><strong>Mises \u00e0 jour :<\/strong> Vous b\u00e9n\u00e9ficiez des mises \u00e0 jour des th\u00e8mes achet\u00e9s pendant un an \u00e0 compter de la date d&#039;achat. Pass\u00e9 ce d\u00e9lai, vous pouvez renouveler votre licence pour continuer \u00e0 recevoir les mises \u00e0 jour.<\/p>\t\t\t\t\t\t\t\t<\/div>\n\t\t\t\t<\/div>\n\t\t\t\t<\/div>\n\t\t<div class=\"elementor-element elementor-element-2b54291 e-con-full sticky-section e-flex e-con e-child\" data-id=\"2b54291\" data-element_type=\"container\" data-e-type=\"container\" id=\"section2\">\n\t\t<div class=\"elementor-element elementor-element-15eb213 e-con-full e-flex e-con e-child\" data-id=\"15eb213\" data-element_type=\"container\" data-e-type=\"container\">\n\t\t\t\t<div class=\"elementor-element elementor-element-d485a3d elementor-widget elementor-widget-spacer\" data-id=\"d485a3d\" data-element_type=\"widget\" data-e-type=\"widget\" data-settings=\"{&quot;ekit_we_effect_on&quot;:&quot;none&quot;}\" data-widget_type=\"spacer.default\">\n\t\t\t\t\t\t\t<div class=\"elementor-spacer\">\n\t\t\t<div class=\"elementor-spacer-inner\"><\/div>\n\t\t<\/div>\n\t\t\t\t\t\t<\/div>\n\t\t\t\t<div class=\"elementor-element elementor-element-ac2306d animated-fast elementor-invisible elementor-widget elementor-widget-elementskit-heading\" data-id=\"ac2306d\" data-element_type=\"widget\" data-e-type=\"widget\" data-settings=\"{&quot;_animation&quot;:&quot;fadeIn&quot;,&quot;_animation_delay&quot;:100,&quot;ekit_we_effect_on&quot;:&quot;none&quot;}\" data-widget_type=\"elementskit-heading.default\">\n\t\t\t\t\t<div class=\"ekit-wid-con\" ><div class=\"ekit-heading elementskit-section-title-wraper text_left   ekit_heading_tablet-   ekit_heading_mobile-\"><h3 class=\"ekit-heading--title elementskit-section-title\">droits de propri\u00e9t\u00e9<\/h3><\/div><\/div>\t\t\t\t<\/div>\n\t\t\t\t<\/div>\n\t\t<div class=\"elementor-element elementor-element-7502f41 e-con-full e-flex e-con e-child\" data-id=\"7502f41\" data-element_type=\"container\" data-e-type=\"container\">\n\t\t\t\t<div class=\"elementor-element elementor-element-d97cda0 animated-fast elementor-invisible elementor-widget elementor-widget-text-editor\" data-id=\"d97cda0\" data-element_type=\"widget\" data-e-type=\"widget\" data-settings=\"{&quot;_animation&quot;:&quot;fadeIn&quot;,&quot;_animation_delay&quot;:100,&quot;ekit_we_effect_on&quot;:&quot;none&quot;}\" data-widget_type=\"text-editor.default\">\n\t\t\t\t\t\t\t\t\t<p><strong>Possession:<\/strong> L&#039;ensemble des th\u00e8mes, contenus et documents fournis par la Soci\u00e9t\u00e9 sont prot\u00e9g\u00e9s par le droit d&#039;auteur et les lois sur la propri\u00e9t\u00e9 intellectuelle. Toute reproduction, distribution ou modification, m\u00eame partielle, de nos th\u00e8mes ou documents est interdite sans notre autorisation \u00e9crite expresse.<\/p><p><strong>Tarification :<\/strong> Les prix de nos th\u00e8mes sont susceptibles d&#039;\u00eatre modifi\u00e9s sans pr\u00e9avis. La soci\u00e9t\u00e9 se r\u00e9serve le droit de modifier ou d&#039;interrompre la fourniture de th\u00e8mes ou de services \u00e0 tout moment et sans engager sa responsabilit\u00e9.<\/p><p><strong>Paiement:<\/strong> Tous les paiements sont trait\u00e9s de mani\u00e8re s\u00e9curis\u00e9e par un prestataire de services de paiement tiers. Vous vous engagez \u00e0 fournir des informations de paiement exactes et compl\u00e8tes et vous nous autorisez \u00e0 d\u00e9biter votre moyen de paiement pour tous les achats effectu\u00e9s via nos Services.<\/p>\t\t\t\t\t\t\t\t<\/div>\n\t\t\t\t<\/div>\n\t\t\t\t<\/div>\n\t\t<div class=\"elementor-element elementor-element-c792ced e-con-full sticky-section e-flex e-con e-child\" data-id=\"c792ced\" data-element_type=\"container\" data-e-type=\"container\" id=\"section3\">\n\t\t<div class=\"elementor-element elementor-element-4ed214a e-con-full e-flex e-con e-child\" data-id=\"4ed214a\" data-element_type=\"container\" data-e-type=\"container\">\n\t\t\t\t<div class=\"elementor-element elementor-element-d06594b elementor-widget elementor-widget-spacer\" data-id=\"d06594b\" data-element_type=\"widget\" data-e-type=\"widget\" data-settings=\"{&quot;ekit_we_effect_on&quot;:&quot;none&quot;}\" data-widget_type=\"spacer.default\">\n\t\t\t\t\t\t\t<div class=\"elementor-spacer\">\n\t\t\t<div class=\"elementor-spacer-inner\"><\/div>\n\t\t<\/div>\n\t\t\t\t\t\t<\/div>\n\t\t\t\t<div class=\"elementor-element elementor-element-711e27d animated-fast elementor-invisible elementor-widget elementor-widget-elementskit-heading\" data-id=\"711e27d\" data-element_type=\"widget\" data-e-type=\"widget\" data-settings=\"{&quot;_animation&quot;:&quot;fadeIn&quot;,&quot;_animation_delay&quot;:100,&quot;ekit_we_effect_on&quot;:&quot;none&quot;}\" data-widget_type=\"elementskit-heading.default\">\n\t\t\t\t\t<div class=\"ekit-wid-con\" ><div class=\"ekit-heading elementskit-section-title-wraper text_left   ekit_heading_tablet-   ekit_heading_mobile-\"><h3 class=\"ekit-heading--title elementskit-section-title\">Activit\u00e9s interdites<\/h3><\/div><\/div>\t\t\t\t<\/div>\n\t\t\t\t<\/div>\n\t\t<div class=\"elementor-element elementor-element-c56bb6c e-con-full e-flex e-con e-child\" data-id=\"c56bb6c\" data-element_type=\"container\" data-e-type=\"container\">\n\t\t\t\t<div class=\"elementor-element elementor-element-1c1ac75 animated-fast elementor-invisible elementor-widget elementor-widget-text-editor\" data-id=\"1c1ac75\" data-element_type=\"widget\" data-e-type=\"widget\" data-settings=\"{&quot;_animation&quot;:&quot;fadeIn&quot;,&quot;_animation_delay&quot;:100,&quot;ekit_we_effect_on&quot;:&quot;none&quot;}\" data-widget_type=\"text-editor.default\">\n\t\t\t\t\t\t\t\t\t<p><strong>Utilisation non autoris\u00e9e\u00a0:<\/strong> Vous ne pouvez pas utiliser nos th\u00e8mes ou nos services \u00e0 des fins ill\u00e9gales ou interdites, notamment pour distribuer des logiciels malveillants, vous livrer \u00e0 du piratage informatique ou enfreindre les lois applicables.<\/p><p><strong>Ing\u00e9nierie inverse\u00a0:<\/strong> Vous n&#039;\u00eates pas autoris\u00e9 \u00e0 d\u00e9compiler, \u00e0 proc\u00e9der \u00e0 une ing\u00e9nierie inverse ou \u00e0 tenter d&#039;obtenir le code source de tout th\u00e8me ou logiciel fourni par la Soci\u00e9t\u00e9.<\/p>\t\t\t\t\t\t\t\t<\/div>\n\t\t\t\t<\/div>\n\t\t\t\t<\/div>\n\t\t<div class=\"elementor-element elementor-element-755b155 e-con-full sticky-section e-flex e-con e-child\" data-id=\"755b155\" data-element_type=\"container\" data-e-type=\"container\" id=\"section4\">\n\t\t<div class=\"elementor-element elementor-element-da39ed6 e-con-full e-flex e-con e-child\" data-id=\"da39ed6\" data-element_type=\"container\" data-e-type=\"container\">\n\t\t\t\t<div class=\"elementor-element elementor-element-5c79ffe elementor-widget elementor-widget-spacer\" data-id=\"5c79ffe\" data-element_type=\"widget\" data-e-type=\"widget\" data-settings=\"{&quot;ekit_we_effect_on&quot;:&quot;none&quot;}\" data-widget_type=\"spacer.default\">\n\t\t\t\t\t\t\t<div class=\"elementor-spacer\">\n\t\t\t<div class=\"elementor-spacer-inner\"><\/div>\n\t\t<\/div>\n\t\t\t\t\t\t<\/div>\n\t\t\t\t<div class=\"elementor-element elementor-element-9b93183 animated-fast elementor-invisible elementor-widget elementor-widget-elementskit-heading\" data-id=\"9b93183\" data-element_type=\"widget\" data-e-type=\"widget\" data-settings=\"{&quot;_animation&quot;:&quot;fadeIn&quot;,&quot;_animation_delay&quot;:100,&quot;ekit_we_effect_on&quot;:&quot;none&quot;}\" data-widget_type=\"elementskit-heading.default\">\n\t\t\t\t\t<div class=\"ekit-wid-con\" ><div class=\"ekit-heading elementskit-section-title-wraper text_left   ekit_heading_tablet-   ekit_heading_mobile-\"><h3 class=\"ekit-heading--title elementskit-section-title\">Gestion des services<\/h3><\/div><\/div>\t\t\t\t<\/div>\n\t\t\t\t<\/div>\n\t\t<div class=\"elementor-element elementor-element-6c1b3d5 e-con-full e-flex e-con e-child\" data-id=\"6c1b3d5\" data-element_type=\"container\" data-e-type=\"container\">\n\t\t\t\t<div class=\"elementor-element elementor-element-7c0f251 animated-fast elementor-invisible elementor-widget elementor-widget-text-editor\" data-id=\"7c0f251\" data-element_type=\"widget\" data-e-type=\"widget\" data-settings=\"{&quot;_animation&quot;:&quot;fadeIn&quot;,&quot;_animation_delay&quot;:100,&quot;ekit_we_effect_on&quot;:&quot;none&quot;}\" data-widget_type=\"text-editor.default\">\n\t\t\t\t\t\t\t\t\t<p><strong>Soutien:<\/strong> La soci\u00e9t\u00e9 assure le support de ses th\u00e8mes conform\u00e9ment \u00e0 sa politique de support et de mises \u00e0 jour. Les demandes d&#039;assistance doivent \u00eatre adress\u00e9es via nos canaux de support d\u00e9di\u00e9s.<\/p><p><strong>Terminaison:<\/strong> La Soci\u00e9t\u00e9 se r\u00e9serve le droit de r\u00e9silier ou de suspendre votre acc\u00e8s \u00e0 nos Services \u00e0 sa discr\u00e9tion, sans pr\u00e9avis, en cas de violation des pr\u00e9sentes Conditions.<\/p><p><strong>Modifications des conditions :<\/strong> La Soci\u00e9t\u00e9 peut modifier les pr\u00e9sentes Conditions g\u00e9n\u00e9rales d&#039;utilisation de temps \u00e0 autre. Il vous incombe de les consulter r\u00e9guli\u00e8rement. En continuant d&#039;utiliser les Services apr\u00e8s toute modification des pr\u00e9sentes Conditions g\u00e9n\u00e9rales d&#039;utilisation, vous acceptez ces modifications.<\/p>\t\t\t\t\t\t\t\t<\/div>\n\t\t\t\t<\/div>\n\t\t\t\t<\/div>\n\t\t<div class=\"elementor-element elementor-element-a980a37 e-con-full sticky-section e-flex e-con e-child\" data-id=\"a980a37\" data-element_type=\"container\" data-e-type=\"container\" id=\"section5\">\n\t\t<div class=\"elementor-element elementor-element-d10cd20 e-con-full e-flex e-con e-child\" data-id=\"d10cd20\" data-element_type=\"container\" data-e-type=\"container\">\n\t\t\t\t<div class=\"elementor-element elementor-element-065058f elementor-widget elementor-widget-spacer\" data-id=\"065058f\" data-element_type=\"widget\" data-e-type=\"widget\" data-settings=\"{&quot;ekit_we_effect_on&quot;:&quot;none&quot;}\" data-widget_type=\"spacer.default\">\n\t\t\t\t\t\t\t<div class=\"elementor-spacer\">\n\t\t\t<div class=\"elementor-spacer-inner\"><\/div>\n\t\t<\/div>\n\t\t\t\t\t\t<\/div>\n\t\t\t\t<div class=\"elementor-element elementor-element-24d517e animated-fast elementor-invisible elementor-widget elementor-widget-elementskit-heading\" data-id=\"24d517e\" data-element_type=\"widget\" data-e-type=\"widget\" data-settings=\"{&quot;_animation&quot;:&quot;fadeIn&quot;,&quot;_animation_delay&quot;:100,&quot;ekit_we_effect_on&quot;:&quot;none&quot;}\" data-widget_type=\"elementskit-heading.default\">\n\t\t\t\t\t<div class=\"ekit-wid-con\" ><div class=\"ekit-heading elementskit-section-title-wraper text_left   ekit_heading_tablet-   ekit_heading_mobile-\"><h3 class=\"ekit-heading--title elementskit-section-title\">Coordonn\u00e9es<\/h3><\/div><\/div>\t\t\t\t<\/div>\n\t\t\t\t<\/div>\n\t\t<div class=\"elementor-element elementor-element-f6840ba e-con-full e-flex e-con e-child\" data-id=\"f6840ba\" data-element_type=\"container\" data-e-type=\"container\">\n\t\t\t\t<div class=\"elementor-element elementor-element-263401e animated-fast elementor-invisible elementor-widget elementor-widget-text-editor\" data-id=\"263401e\" data-element_type=\"widget\" data-e-type=\"widget\" data-settings=\"{&quot;_animation&quot;:&quot;fadeIn&quot;,&quot;_animation_delay&quot;:100,&quot;ekit_we_effect_on&quot;:&quot;none&quot;}\" data-widget_type=\"text-editor.default\">\n\t\t\t\t\t\t\t\t\t<p>Si vous avez des questions ou des inqui\u00e9tudes concernant ces conditions g\u00e9n\u00e9rales, veuillez nous contacter.<\/p><p>En utilisant nos Services, vous acceptez de respecter les pr\u00e9sentes Conditions g\u00e9n\u00e9rales, ainsi que notre Politique de confidentialit\u00e9, qui est int\u00e9gr\u00e9e aux pr\u00e9sentes par r\u00e9f\u00e9rence.<\/p>\t\t\t\t\t\t\t\t<\/div>\n\t\t\t\t<\/div>\n\t\t\t\t<\/div>\n\t\t\t\t<\/div>\n\t\t\t\t\t<\/div>\n\t\t\t\t<\/div>\n\t\t\t\t<\/div>","protected":false},"excerpt":{"rendered":"<p>Terms and conditions Last modified: November 15, 2023 Our services Property rights Prohibited activities Services management Contact information Our services Acceptance of Terms: These Terms and Conditions (&#8220;Terms&#8221;) govern your use of the WordPress themes and related services (&#8220;Services&#8221;) provided by (&#8220;Company&#8221;). By accessing or using our Services, you agree to comply with and be [&hellip;]<\/p>\n","protected":false},"author":1,"featured_media":0,"parent":0,"menu_order":0,"comment_status":"closed","ping_status":"closed","template":"","meta":{"footnotes":""},"class_list":["post-21194","page","type-page","status-publish","hentry"],"_links":{"self":[{"href":"https:\/\/wagescorp.com\/fr\/wp-json\/wp\/v2\/pages\/21194","targetHints":{"allow":["GET"]}}],"collection":[{"href":"https:\/\/wagescorp.com\/fr\/wp-json\/wp\/v2\/pages"}],"about":[{"href":"https:\/\/wagescorp.com\/fr\/wp-json\/wp\/v2\/types\/page"}],"author":[{"embeddable":true,"href":"https:\/\/wagescorp.com\/fr\/wp-json\/wp\/v2\/users\/1"}],"replies":[{"embeddable":true,"href":"https:\/\/wagescorp.com\/fr\/wp-json\/wp\/v2\/comments?post=21194"}],"version-history":[{"count":6,"href":"https:\/\/wagescorp.com\/fr\/wp-json\/wp\/v2\/pages\/21194\/revisions"}],"predecessor-version":[{"id":22426,"href":"https:\/\/wagescorp.com\/fr\/wp-json\/wp\/v2\/pages\/21194\/revisions\/22426"}],"wp:attachment":[{"href":"https:\/\/wagescorp.com\/fr\/wp-json\/wp\/v2\/media?parent=21194"}],"curies":[{"name":"wp","href":"https:\/\/api.w.org\/{rel}","templated":true}]}}